{"id":5512,"date":"2022-04-11T16:14:26","date_gmt":"2022-04-11T14:14:26","guid":{"rendered":"https:\/\/rossleben.com\/?page_id=5512"},"modified":"2022-04-13T14:13:53","modified_gmt":"2022-04-13T12:13:53","slug":"bienvenidos-a-rossleben","status":"publish","type":"page","link":"https:\/\/rossleben.com\/es\/","title":{"rendered":"\u00a1Bienvenidos a Rossleben!"},"content":{"rendered":"    <section  class=\"swiper-container ww-slider-container  alignfull\" data-img-count=\"1\" style=\"height: 800px;\">\n        <div class=\"swiper-wrapper ww-slider\">\n\n            \n                <div class=\"swiper-slide ww-slider__item\">\n                    <img decoding=\"async\" src=\"https:\/\/rossleben.com\/wp-content\/uploads\/2021\/01\/Internat-Gymnasium-Klosterschule-Rossleben-Luftbild.jpeg\" alt=\"\">\n\n                                    <\/div>\n\n            \n                <div class=\"swiper-slide ww-slider__item\">\n                    <img decoding=\"async\" src=\"https:\/\/rossleben.com\/wp-content\/uploads\/2020\/11\/Luftbild_Rossleben.png\" alt=\"\">\n\n                                    <\/div>\n\n            \n        <\/div>\n\n            <\/section>\n\n\n\n<div  class=\"ww-space ww-space--l\"><\/div>\n\n\n<h2 class=\"has-text-align-center wp-block-heading\" id=\"aufnahmeverfahren\">\u00a1BIENVENIDOS A RO\u00dfLEBEN!<\/h2>\n\n\n\n<p><\/p>\n\n\n\n<div  class=\"ww-space ww-space--m\"><\/div>\n\n\n<p class=\"has-text-align-center\">El internado Klosterschule Ro\u00dfleben pertenece a uno de los colegios m\u00e1s antiguos de Alemania y est\u00e1 ubicado a 2,5 horas al suroeste de Berl\u00edn. Fundado en 1554, hoy d\u00eda somos un colegio privado, reconocido y legalizado por el estado. En nuestro colegio estudian 400 alumnos y en nuestro internado viven entre 80 a 90 alumnos aproximadamente.<\/p>\n\n\n\n<div  class=\"ww-space ww-space--s\"><\/div>\n\n\n<hr class=\"wp-block-separator\"\/>\n\n\n\n<iframe src=\"https:\/\/www.pano.zoom360.de\/klosterschule\/rossleben.html\" style=\"width: 100%; height: 680px; border: none;\"><\/iframe>\n\n\n\n<div  class=\"ww-space ww-space--s\"><\/div>\n\n\n<h3 class=\"has-text-align-center wp-block-heading\" id=\"checkliste-fur-das-abitur\">INFORMATIONES SOBRE EL COLEGIO<\/h3>\n\n\n\n<p class=\"has-text-align-center\"><mark style=\"background-color:rgba(0, 0, 0, 0);color:#e30613\" class=\"has-inline-color\">\u25cf<\/mark><br>Clases de lunes a viernes<br><mark style=\"background-color:rgba(0, 0, 0, 0);color:#e30613\" class=\"has-inline-color\">\u25cf<\/mark><br>Cantidad de alumnos en el aula: entre 10 a 25 aprox<br><mark style=\"background-color:rgba(0, 0, 0, 0);color:#e30613\" class=\"has-inline-color\">\u25cf<\/mark><br>Grados: desde los 11 a 18 a\u00f1os (cursos 5 a 12)<br><mark style=\"background-color:rgba(0, 0, 0, 0);color:#e30613\" class=\"has-inline-color\">\u25cf<\/mark><br>Certificado escolar: Abitur (examen del estado para obtener acceso a la universidad)<br><mark style=\"background-color:rgba(0, 0, 0, 0);color:#e30613\" class=\"has-inline-color\">\u25cf<\/mark><br>Estudiantes internacionales pueden realizar su \u201cAbitur\u201d con nosotros o solamente pasar un a\u00f1o (o m\u00e1s) en Ro\u00dfleben<br><mark style=\"background-color:rgba(0, 0, 0, 0);color:#e30613\" class=\"has-inline-color\">\u25cf<\/mark><br>Idiomas: Ingl\u00e9s a partir de la 5.<sup>a<\/sup> clase como segunda lengua extranjera<br><mark style=\"background-color:rgba(0, 0, 0, 0);color:#e30613\" class=\"has-inline-color\">\u25cf<\/mark><br>Asignaturas (dependiendo del curso): Alem\u00e1n, Matem\u00e1ticas, Historia, Geograf\u00eda, Econom\u00eda y Derecho, Biolog\u00eda, Qu\u00edmica, F\u00edsica, Franc\u00e9s, Lat\u00edn, Ruso, Espa\u00f1ol, Ingl\u00e9s, Educaci\u00f3n F\u00edsica, Religi\u00f3n, \u00c9tica, Arte y M\u00fasica\u00a0<br><mark style=\"background-color:rgba(0, 0, 0, 0);color:#e30613\" class=\"has-inline-color\">\u25cf<\/mark><br>El colegio cuenta con una academia de m\u00fasica que les ofrece a los alumnos el aprendizaje de varios instrumentos como: piano, cello, viol\u00edn, guitarra, trompeta, bater\u00eda, cuerno, etc.<\/p>\n\n\n\n<div  class=\"ww-space ww-space--s\"><\/div>\n\n    <section  class=\"swiper-container ww-slider-container \" data-img-count=\"3\" style=\"height: px;\">\n        <div class=\"swiper-wrapper ww-slider\">\n\n            \n                <div class=\"swiper-slide ww-slider__item\">\n                    <img decoding=\"async\" src=\"https:\/\/rossleben.com\/wp-content\/uploads\/2021\/01\/Internat-Gymnasium-Klosterschule-Rossleben-Schueler-Zimmer-12.jpeg\" alt=\"\">\n\n                                    <\/div>\n\n            \n                <div class=\"swiper-slide ww-slider__item\">\n                    <img decoding=\"async\" src=\"https:\/\/rossleben.com\/wp-content\/uploads\/2021\/01\/Internat-Gymnasium-Klosterschule-Rossleben-Schueler-Zimmer-13.jpeg\" alt=\"\">\n\n                                    <\/div>\n\n            \n                <div class=\"swiper-slide ww-slider__item\">\n                    <img decoding=\"async\" src=\"https:\/\/rossleben.com\/wp-content\/uploads\/2021\/01\/Internat-Gymnasium-Klosterschule-Rossleben-Schueler-Zimmer-08.jpeg\" alt=\"\">\n\n                                    <\/div>\n\n            \n                <div class=\"swiper-slide ww-slider__item\">\n                    <img decoding=\"async\" src=\"https:\/\/rossleben.com\/wp-content\/uploads\/2021\/01\/Internat-Gymnasium-Klosterschule-Rossleben-Schueler-Zimmer-05.jpeg\" alt=\"\">\n\n                                    <\/div>\n\n            \n                <div class=\"swiper-slide ww-slider__item\">\n                    <img decoding=\"async\" src=\"https:\/\/rossleben.com\/wp-content\/uploads\/2021\/01\/Internat-Gymnasium-Klosterschule-Rossleben-Schueler-Zimmer-10.jpeg\" alt=\"\">\n\n                                    <\/div>\n\n            \n                <div class=\"swiper-slide ww-slider__item\">\n                    <img decoding=\"async\" src=\"https:\/\/rossleben.com\/wp-content\/uploads\/2021\/01\/Internat-Gymnasium-Klosterschule-Rossleben-Schueler-Zimmer-11.jpeg\" alt=\"\">\n\n                                    <\/div>\n\n            \n                <div class=\"swiper-slide ww-slider__item\">\n                    <img decoding=\"async\" src=\"https:\/\/rossleben.com\/wp-content\/uploads\/2021\/01\/Internat-Gymnasium-Klosterschule-Rossleben-Schueler-Zimmer-07.jpeg\" alt=\"\">\n\n                                    <\/div>\n\n            \n                <div class=\"swiper-slide ww-slider__item\">\n                    <img decoding=\"async\" src=\"https:\/\/rossleben.com\/wp-content\/uploads\/2021\/01\/Internat-Gymnasium-Klosterschule-Rossleben-Schueler-Zimmer-09.jpeg\" alt=\"\">\n\n                                    <\/div>\n\n            \n                <div class=\"swiper-slide ww-slider__item\">\n                    <img decoding=\"async\" src=\"https:\/\/rossleben.com\/wp-content\/uploads\/2021\/01\/Internat-Gymnasium-Klosterschule-Rossleben-Schueler-Zimmer-06.jpeg\" alt=\"\">\n\n                                    <\/div>\n\n            \n                <div class=\"swiper-slide ww-slider__item\">\n                    <img decoding=\"async\" src=\"https:\/\/rossleben.com\/wp-content\/uploads\/2021\/01\/Internat-Gymnasium-Klosterschule-Rossleben-Schueler-Zimmer-04.jpeg\" alt=\"\">\n\n                                    <\/div>\n\n            \n                <div class=\"swiper-slide ww-slider__item\">\n                    <img decoding=\"async\" src=\"https:\/\/rossleben.com\/wp-content\/uploads\/2021\/01\/Internat-Gymnasium-Klosterschule-Rossleben-Schueler-Zimmer-01.jpeg\" alt=\"\">\n\n                                    <\/div>\n\n            \n                <div class=\"swiper-slide ww-slider__item\">\n                    <img decoding=\"async\" src=\"https:\/\/rossleben.com\/wp-content\/uploads\/2021\/01\/Internat-Gymnasium-Klosterschule-Rossleben-Schueler-Zimmer-02.jpeg\" alt=\"\">\n\n                                    <\/div>\n\n            \n                <div class=\"swiper-slide ww-slider__item\">\n                    <img decoding=\"async\" src=\"https:\/\/rossleben.com\/wp-content\/uploads\/2021\/01\/Internat-Gymnasium-Klosterschule-Rossleben-Schueler-Zimmer-03.jpeg\" alt=\"\">\n\n                                    <\/div>\n\n            \n        <\/div>\n\n                    <!-- Navigation -->\n            <div class=\"swiper-button-prev ww-slider__btn ww-slider__btn--prev\">\n                <img decoding=\"async\" loading=\"lazy\" src=\"https:\/\/rossleben.com\/wp-content\/themes\/ww-base\/assets\/img\/icons\/arrow-right.svg\"\/>\n            <\/div>\n\n            <!-- Pagination -->\n            <div class=\"swiper-pagination ww-slider__pagination\"><\/div>\n\n            <!-- Navigation -->\n            <div class=\"swiper-button-next ww-slider__btn ww-slider__btn--next\">\n                <img decoding=\"async\" loading=\"lazy\" src=\"https:\/\/rossleben.com\/wp-content\/themes\/ww-base\/assets\/img\/icons\/arrow-right.svg\"\/>\n            <\/div>\n            <\/section>\n\n\n\n<div  class=\"ww-space ww-space--s\"><\/div>\n\n\n<hr class=\"wp-block-separator\"\/>\n\n\n\n<div  class=\"ww-space ww-space--s\"><\/div>\n\n\n<h3 class=\"has-text-align-center wp-block-heading\" id=\"checkliste-fur-das-abitur\">ACTIVIDADES Y TALLERES POR LA TARDE<\/h3>\n\n\n\n<p class=\"has-text-align-center\"><mark style=\"background-color:rgba(0, 0, 0, 0);color:#e30613\" class=\"has-inline-color\">\u25cf<\/mark><br>El colegio ofrece actividades en distintas \u00e1reas: deporte, creatividad, m\u00fasica y servicio social estudiantil<br><mark style=\"background-color:rgba(0, 0, 0, 0);color:#e30613\" class=\"has-inline-color\">\u25cf<\/mark><br>Deporte: baloncesto, hockey, voleibol, rugby, f\u00fatbol, tenis, atletismo, yoga y remo\u00a0<br><mark style=\"background-color:rgba(0, 0, 0, 0);color:#e30613\" class=\"has-inline-color\">\u25cf<\/mark><br>Creatividad: coro, carpinter\u00eda, rob\u00f3tica, teatro, literatura, panader\u00eda, corte y costura\u00a0<br><mark style=\"background-color:rgba(0, 0, 0, 0);color:#e30613\" class=\"has-inline-color\">\u25cf<\/mark><br>Servicio social estudiantil: apoyo a los bomberos, ayudar en un hogar de ancianos, dar clases particulares o tambi\u00e9n los alumnos pueden participar en el mantenimiento de bosques (construyendo nidos, plantando \u00e1rboles o creando prados naturales)\u00a0<br><mark style=\"background-color:rgba(0, 0, 0, 0);color:#e30613\" class=\"has-inline-color\">\u25cf<\/mark><br>Los alumnos que se hospedan en el internado realizan un servicio religioso nocturno voluntario cada 14 d\u00edas<\/p>\n\n\n\n<div  class=\"ww-space ww-space--s\"><\/div>\n\n\n<hr class=\"wp-block-separator\"\/>\n\n\n\n<div  class=\"ww-space ww-space--s\"><\/div>\n\n\n<p class=\"has-text-align-center\">Para obtener m\u00e1s informaciones en espa\u00f1ol, ingl\u00e9s y alem\u00e1n por favor entre en contacto con:<\/p>\n\n\n    <section  class=\"ww-employees-section\">\n    \n        <div class=\"ww-employees-container\">\n            <h3>MORE INFORMATION<\/h3>\n\n            <div class=\"swiper-container ww-employees\">\n                <div class=\"swiper-wrapper ww-employees__wrapper\">\n\n                    \n                            <div class=\"swiper-slide ww-employees__item\">\n                                <img loading=\"lazy\" decoding=\"async\" width=\"1181\" height=\"1181\" src=\"https:\/\/rossleben.com\/wp-content\/uploads\/2022\/04\/Steffi-Kopie.png\" class=\"ww-employees__img\" alt=\"\" srcset=\"https:\/\/rossleben.com\/wp-content\/uploads\/2022\/04\/Steffi-Kopie.png 1181w, https:\/\/rossleben.com\/wp-content\/uploads\/2022\/04\/Steffi-Kopie-300x300.png 300w, https:\/\/rossleben.com\/wp-content\/uploads\/2022\/04\/Steffi-Kopie-1024x1024.png 1024w, https:\/\/rossleben.com\/wp-content\/uploads\/2022\/04\/Steffi-Kopie-150x150.png 150w, https:\/\/rossleben.com\/wp-content\/uploads\/2022\/04\/Steffi-Kopie-768x768.png 768w\" sizes=\"auto, (max-width: 1181px) 100vw, 1181px\" \/>                                <div class=\"ww-employees__name\">Steffi <\/br>Radecker<\/div>\n                                                                <a href=\"mailto:steffi.radecker@rossleben.com\" class=\"ww-employees__email\">steffi.radecker@rossleben.com<\/a>\n                                                            <\/div>\n                        \n                <\/div>\n            <\/div>\n\n            <!-- Navigation -->\n            <div class=\"swiper-button-prev ww-employees__btn-slider ww-employees__btn-slider--prev\">\n                <img decoding=\"async\" loading=\"lazy\" src=\"https:\/\/rossleben.com\/wp-content\/themes\/ww-base\/assets\/img\/icons\/arrow-right.svg\"\/>\n            <\/div>\n\n            <div class=\"swiper-button-next ww-employees__btn-slider ww-employees__btn-slider--next\">\n                <img decoding=\"async\" loading=\"lazy\" src=\"https:\/\/rossleben.com\/wp-content\/themes\/ww-base\/assets\/img\/icons\/arrow-right.svg\"\/>\n            <\/div>\n        <\/div>\n\n        <\/section>\n\n\n\n<div  class=\"ww-space ww-space--s\"><\/div>","protected":false},"excerpt":{"rendered":"<p>\u00a1BIENVENIDOS A RO\u00dfLEBEN! El internado Klosterschule Ro\u00dfleben pertenece a uno de los colegios m\u00e1s antiguos de Alemania y est\u00e1 ubicado a 2,5 horas al suroeste de Berl\u00edn. Fundado en 1554, hoy d\u00eda somos un colegio privado, reconocido y legalizado por el estado. En nuestro colegio estudian 400 alumnos y en nuestro internado viven entre 80 [&hellip;]<\/p>\n","protected":false},"author":2,"featured_media":0,"parent":0,"menu_order":0,"comment_status":"closed","ping_status":"closed","template":"","meta":{"_acf_changed":false,"inline_featured_image":false,"footnotes":""},"class_list":["post-5512","page","type-page","status-publish","hentry"],"acf":[],"yoast_head":"<!-- This site is optimized with the Yoast SEO plugin v27.3 - https:\/\/yoast.com\/product\/yoast-seo-wordpress\/ -->\n<title>\u00a1Bienvenidos a Rossleben! - Klosterschule Ro\u00dfleben<\/title>\n<meta name=\"robots\" content=\"index, follow, max-snippet:-1, max-image-preview:large, max-video-preview:-1\" \/>\n<link rel=\"canonical\" href=\"https:\/\/rossleben.com\/es\/\" \/>\n<meta property=\"og:locale\" content=\"es_ES\" \/>\n<meta property=\"og:type\" content=\"article\" \/>\n<meta property=\"og:title\" content=\"\u00a1Bienvenidos a Rossleben! - Klosterschule Ro\u00dfleben\" \/>\n<meta property=\"og:description\" content=\"\u00a1BIENVENIDOS A RO\u00dfLEBEN! El internado Klosterschule Ro\u00dfleben pertenece a uno de los colegios m\u00e1s antiguos de Alemania y est\u00e1 ubicado a 2,5 horas al suroeste de Berl\u00edn. Fundado en 1554, hoy d\u00eda somos un colegio privado, reconocido y legalizado por el estado. En nuestro colegio estudian 400 alumnos y en nuestro internado viven entre 80 [&hellip;]\" \/>\n<meta property=\"og:url\" content=\"https:\/\/rossleben.com\/es\/\" \/>\n<meta property=\"og:site_name\" content=\"Klosterschule Ro\u00dfleben\" \/>\n<meta property=\"article:modified_time\" content=\"2022-04-13T12:13:53+00:00\" \/>\n<meta name=\"twitter:card\" content=\"summary_large_image\" \/>\n<meta name=\"twitter:label1\" content=\"Tiempo de lectura\" \/>\n\t<meta name=\"twitter:data1\" content=\"2 minutos\" \/>\n<script type=\"application\/ld+json\" class=\"yoast-schema-graph\">{\"@context\":\"https:\\\/\\\/schema.org\",\"@graph\":[{\"@type\":\"WebPage\",\"@id\":\"https:\\\/\\\/rossleben.com\\\/es\\\/\",\"url\":\"https:\\\/\\\/rossleben.com\\\/es\\\/\",\"name\":\"\u00a1Bienvenidos a Rossleben! - Klosterschule Ro\u00dfleben\",\"isPartOf\":{\"@id\":\"https:\\\/\\\/rossleben.com\\\/#website\"},\"datePublished\":\"2022-04-11T14:14:26+00:00\",\"dateModified\":\"2022-04-13T12:13:53+00:00\",\"breadcrumb\":{\"@id\":\"https:\\\/\\\/rossleben.com\\\/es\\\/#breadcrumb\"},\"inLanguage\":\"es\",\"potentialAction\":[{\"@type\":\"ReadAction\",\"target\":[\"https:\\\/\\\/rossleben.com\\\/es\\\/\"]}]},{\"@type\":\"BreadcrumbList\",\"@id\":\"https:\\\/\\\/rossleben.com\\\/es\\\/#breadcrumb\",\"itemListElement\":[{\"@type\":\"ListItem\",\"position\":1,\"name\":\"Startseite\",\"item\":\"https:\\\/\\\/rossleben.com\\\/es\\\/\"},{\"@type\":\"ListItem\",\"position\":2,\"name\":\"\u00a1Bienvenidos a Rossleben!\"}]},{\"@type\":\"WebSite\",\"@id\":\"https:\\\/\\\/rossleben.com\\\/#website\",\"url\":\"https:\\\/\\\/rossleben.com\\\/\",\"name\":\"Klosterschule Ro\u00dfleben\",\"description\":\"\",\"publisher\":{\"@id\":\"https:\\\/\\\/rossleben.com\\\/#organization\"},\"potentialAction\":[{\"@type\":\"SearchAction\",\"target\":{\"@type\":\"EntryPoint\",\"urlTemplate\":\"https:\\\/\\\/rossleben.com\\\/?s={search_term_string}\"},\"query-input\":{\"@type\":\"PropertyValueSpecification\",\"valueRequired\":true,\"valueName\":\"search_term_string\"}}],\"inLanguage\":\"es\"},{\"@type\":\"Organization\",\"@id\":\"https:\\\/\\\/rossleben.com\\\/#organization\",\"name\":\"Klosterschule Ro\u00dfleben\",\"url\":\"https:\\\/\\\/rossleben.com\\\/\",\"logo\":{\"@type\":\"ImageObject\",\"inLanguage\":\"es\",\"@id\":\"https:\\\/\\\/rossleben.com\\\/#\\\/schema\\\/logo\\\/image\\\/\",\"url\":\"https:\\\/\\\/rossleben.com\\\/wp-content\\\/uploads\\\/2020\\\/10\\\/cropped-Bildschirmfoto-2020-10-19-um-13.45.23.png\",\"contentUrl\":\"https:\\\/\\\/rossleben.com\\\/wp-content\\\/uploads\\\/2020\\\/10\\\/cropped-Bildschirmfoto-2020-10-19-um-13.45.23.png\",\"width\":1307,\"height\":998,\"caption\":\"Klosterschule Ro\u00dfleben\"},\"image\":{\"@id\":\"https:\\\/\\\/rossleben.com\\\/#\\\/schema\\\/logo\\\/image\\\/\"}}]}<\/script>\n<!-- \/ Yoast SEO plugin. -->","yoast_head_json":{"title":"\u00a1Bienvenidos a Rossleben! - Klosterschule Ro\u00dfleben","robots":{"index":"index","follow":"follow","max-snippet":"max-snippet:-1","max-image-preview":"max-image-preview:large","max-video-preview":"max-video-preview:-1"},"canonical":"https:\/\/rossleben.com\/es\/","og_locale":"es_ES","og_type":"article","og_title":"\u00a1Bienvenidos a Rossleben! - Klosterschule Ro\u00dfleben","og_description":"\u00a1BIENVENIDOS A RO\u00dfLEBEN! El internado Klosterschule Ro\u00dfleben pertenece a uno de los colegios m\u00e1s antiguos de Alemania y est\u00e1 ubicado a 2,5 horas al suroeste de Berl\u00edn. Fundado en 1554, hoy d\u00eda somos un colegio privado, reconocido y legalizado por el estado. En nuestro colegio estudian 400 alumnos y en nuestro internado viven entre 80 [&hellip;]","og_url":"https:\/\/rossleben.com\/es\/","og_site_name":"Klosterschule Ro\u00dfleben","article_modified_time":"2022-04-13T12:13:53+00:00","twitter_card":"summary_large_image","twitter_misc":{"Tiempo de lectura":"2 minutos"},"schema":{"@context":"https:\/\/schema.org","@graph":[{"@type":"WebPage","@id":"https:\/\/rossleben.com\/es\/","url":"https:\/\/rossleben.com\/es\/","name":"\u00a1Bienvenidos a Rossleben! - Klosterschule Ro\u00dfleben","isPartOf":{"@id":"https:\/\/rossleben.com\/#website"},"datePublished":"2022-04-11T14:14:26+00:00","dateModified":"2022-04-13T12:13:53+00:00","breadcrumb":{"@id":"https:\/\/rossleben.com\/es\/#breadcrumb"},"inLanguage":"es","potentialAction":[{"@type":"ReadAction","target":["https:\/\/rossleben.com\/es\/"]}]},{"@type":"BreadcrumbList","@id":"https:\/\/rossleben.com\/es\/#breadcrumb","itemListElement":[{"@type":"ListItem","position":1,"name":"Startseite","item":"https:\/\/rossleben.com\/es\/"},{"@type":"ListItem","position":2,"name":"\u00a1Bienvenidos a Rossleben!"}]},{"@type":"WebSite","@id":"https:\/\/rossleben.com\/#website","url":"https:\/\/rossleben.com\/","name":"Klosterschule Ro\u00dfleben","description":"","publisher":{"@id":"https:\/\/rossleben.com\/#organization"},"potentialAction":[{"@type":"SearchAction","target":{"@type":"EntryPoint","urlTemplate":"https:\/\/rossleben.com\/?s={search_term_string}"},"query-input":{"@type":"PropertyValueSpecification","valueRequired":true,"valueName":"search_term_string"}}],"inLanguage":"es"},{"@type":"Organization","@id":"https:\/\/rossleben.com\/#organization","name":"Klosterschule Ro\u00dfleben","url":"https:\/\/rossleben.com\/","logo":{"@type":"ImageObject","inLanguage":"es","@id":"https:\/\/rossleben.com\/#\/schema\/logo\/image\/","url":"https:\/\/rossleben.com\/wp-content\/uploads\/2020\/10\/cropped-Bildschirmfoto-2020-10-19-um-13.45.23.png","contentUrl":"https:\/\/rossleben.com\/wp-content\/uploads\/2020\/10\/cropped-Bildschirmfoto-2020-10-19-um-13.45.23.png","width":1307,"height":998,"caption":"Klosterschule Ro\u00dfleben"},"image":{"@id":"https:\/\/rossleben.com\/#\/schema\/logo\/image\/"}}]}},"_links":{"self":[{"href":"https:\/\/rossleben.com\/es\/wp-json\/wp\/v2\/pages\/5512","targetHints":{"allow":["GET"]}}],"collection":[{"href":"https:\/\/rossleben.com\/es\/wp-json\/wp\/v2\/pages"}],"about":[{"href":"https:\/\/rossleben.com\/es\/wp-json\/wp\/v2\/types\/page"}],"author":[{"embeddable":true,"href":"https:\/\/rossleben.com\/es\/wp-json\/wp\/v2\/users\/2"}],"replies":[{"embeddable":true,"href":"https:\/\/rossleben.com\/es\/wp-json\/wp\/v2\/comments?post=5512"}],"version-history":[{"count":19,"href":"https:\/\/rossleben.com\/es\/wp-json\/wp\/v2\/pages\/5512\/revisions"}],"predecessor-version":[{"id":5582,"href":"https:\/\/rossleben.com\/es\/wp-json\/wp\/v2\/pages\/5512\/revisions\/5582"}],"wp:attachment":[{"href":"https:\/\/rossleben.com\/es\/wp-json\/wp\/v2\/media?parent=5512"}],"curies":[{"name":"wp","href":"https:\/\/api.w.org\/{rel}","templated":true}]}}